{"id":618,"date":"2021-05-12T04:59:15","date_gmt":"2021-05-12T04:59:15","guid":{"rendered":"https:\/\/mezcalmilquinientos.com\/index.php\/contact\/"},"modified":"2023-06-29T13:46:50","modified_gmt":"2023-06-29T19:46:50","slug":"contact","status":"publish","type":"page","link":"https:\/\/mezcalmilquinientos.com\/index.php\/contact\/","title":{"rendered":"CONTACTO"},"content":{"rendered":"\n<div class=\"wp-block-uagb-container uagb-block-21d917ec alignfull uagb-is-root-container\">\n<div class=\"wp-block-uagb-advanced-heading uagb-block-154fa13a\"><h2 class=\"uagb-heading-text\">   CONT\u00c1CTANOS<\/h2><\/div>\n\n\n\n<section class=\"wp-block-uagb-columns uagb-columns__wrap uagb-columns__background-none uagb-columns__stack-mobile uagb-columns__valign- uagb-columns__gap-10 align uagb-block-ade0bd93 uagb-columns__columns-3 uagb-columns__max_width-theme\"><div class=\"uagb-columns__overlay\"><\/div><div class=\"uagb-columns__inner-wrap uagb-columns__columns-3\">\n<div class=\"wp-block-uagb-column uagb-column__wrap uagb-column__background-undefined uagb-block-19cacbfc\"><div class=\"uagb-column__overlay\"><\/div>\n<p><\/p>\n\n\n\n<figure class=\"wp-block-image aligncenter size-full is-resized\"><img loading=\"lazy\" decoding=\"async\" src=\"https:\/\/mezcalmilquinientos.com\/wp-content\/uploads\/2023\/06\/Casa5deMayo-en-gris.png\" alt=\"\" class=\"wp-image-725\" width=\"236\" height=\"186\" srcset=\"https:\/\/mezcalmilquinientos.com\/wp-content\/uploads\/2023\/06\/Casa5deMayo-en-gris.png 195w, https:\/\/mezcalmilquinientos.com\/wp-content\/uploads\/2023\/06\/Casa5deMayo-en-gris-15x12.png 15w\" sizes=\"(max-width: 236px) 100vw, 236px\" \/><\/figure>\n<\/div>\n\n\n\n<div class=\"wp-block-uagb-column uagb-column__wrap uagb-column__background-undefined uagb-block-392806c6\"><div class=\"uagb-column__overlay\"><\/div>\n<p><\/p>\n\n\n\n<figure class=\"wp-block-image aligncenter size-large is-resized\"><img loading=\"lazy\" decoding=\"async\" src=\"https:\/\/mezcalmilquinientos.com\/wp-content\/uploads\/2023\/06\/USGI-1024x637.png\" alt=\"\" class=\"wp-image-726\" width=\"182\" height=\"112\" srcset=\"https:\/\/mezcalmilquinientos.com\/wp-content\/uploads\/2023\/06\/USGI-1024x637.png 1024w, https:\/\/mezcalmilquinientos.com\/wp-content\/uploads\/2023\/06\/USGI-300x187.png 300w, https:\/\/mezcalmilquinientos.com\/wp-content\/uploads\/2023\/06\/USGI-768x478.png 768w, https:\/\/mezcalmilquinientos.com\/wp-content\/uploads\/2023\/06\/USGI-18x12.png 18w, https:\/\/mezcalmilquinientos.com\/wp-content\/uploads\/2023\/06\/USGI.png 1164w\" sizes=\"(max-width: 182px) 100vw, 182px\" \/><\/figure>\n<\/div>\n\n\n\n<div class=\"wp-block-uagb-column uagb-column__wrap uagb-column__background-undefined uagb-block-77039128\"><div class=\"uagb-column__overlay\"><\/div>\n<p class=\"has-text-align-center has-ast-global-color-2-color has-text-color\" style=\"font-size:26px;font-style:italic;font-weight:100;line-height:2\"><strong>Distribuidora De Origen M\u00e9xicano<\/strong><\/p>\n\n\n\n<p class=\"has-text-align-center has-ast-global-color-2-color has-text-color\" style=\"font-size:24px;font-style:italic;font-weight:100;line-height:2\"><strong><em>Tel\u00e9fono: 22&nbsp;16 57 38 73<\/em><\/strong><\/p>\n\n\n\n<p class=\"has-text-align-center has-ast-global-color-2-color has-text-color has-medium-font-size\" style=\"font-style:italic;font-weight:100;line-height:2\"><a rel=\"noreferrer noopener\" href=\"mailto:ventas@universalsellergi.com\" target=\"_blank\">ventas@universalsellergi.com<\/a><\/p>\n\n\n\n<p class=\"has-text-align-center has-ast-global-color-2-color has-text-color\" style=\"font-size:26px;font-style:italic;font-weight:100;line-height:2\"><strong>Santo Ni\u00f1o De Macuila # 3426, Col. San Antonio Cacalotepec,<strong>C.P. 72828, San Andr\u00e9s Cholula, Puebla, M\u00e9xico.<\/strong><\/strong><\/p>\n<\/div>\n<\/div><\/section>\n<\/div>\n\n\n\n<div class=\"wp-block-uagb-container uagb-block-d3ecbaaa alignfull uagb-is-root-container\"><div class=\"uagb-container-inner-blocks-wrap\">\n<div class=\"wp-block-uagb-advanced-heading uagb-block-610ba911\"><h3 class=\"uagb-heading-text\">Nos puedes ubicar en:<\/h3><p class=\"uagb-desc-text\">Santo Ni\u00f1o De Macuila No. 3426, Col. San Antonio Cacalotepec, San Andr\u00e9s Cholula, Puebla, M\u00e9xico.<\/p><\/div>\n\n\n\n<div class=\"wp-block-uagb-container uagb-block-79756ea1\">\t\t\t<div \n\t\t\tclass=\"wp-block-uagb-google-map uagb-google-map__wrap uagb-block-ad7abf20     \"\n\t\t\tstyle=\"\" >\n\t\t\t\t<iframe\n\t\t\t\t\tclass=\"uagb-google-map__iframe\"\n\t\t\t\t\ttitle=\"Google Map for \"\n\t\t\t\t\tsrc=\"https:\/\/maps.google.com\/maps?q=Santo%20Ni%C3%B1o%20De%20Macuila%20No.%203426%20Col.%20San%20Antonio%20Cacalotepec%2C%20San%20Andres%20Cholula%2C%20Puebla%2C%20M%C3%A8xico&#038;z=12&#038;hl=en&#038;t=m&#038;output=embed&#038;iwloc=near\"\n\t\t\t\t\twidth=\"640\"\n\t\t\t\t\theight=\"413\"\n\t\t\t\t\tloading=\"lazy\"\n\t\t\t\t><\/iframe>\n\t\t\t<\/div>\n\t\t\t<\/div>\n<\/div><\/div>\n","protected":false},"excerpt":{"rendered":"<p>CONT\u00c1CTANOS Distribuidora De Origen M\u00e9xicano Tel\u00e9fono: 22&nbsp;16 57 38 73 ventas@universalsellergi.com Santo Ni\u00f1o De Macuila # 3426, Col. San Antonio Cacalotepec,C.P. 72828, San Andr\u00e9s Cholula, Puebla, M\u00e9xico. Nos puedes ubicar en: Santo Ni\u00f1o De Macuila No. 3426, Col. San Antonio Cacalotepec, San Andr\u00e9s Cholula, Puebla, M\u00e9xico.<\/p>\n","protected":false},"author":1,"featured_media":0,"parent":0,"menu_order":0,"comment_status":"closed","ping_status":"closed","template":"","meta":{"_uag_custom_page_level_css":"","site-sidebar-layout":"no-sidebar","site-content-layout":"plain-container","ast-global-header-display":"","ast-banner-title-visibility":"","ast-main-header-display":"","ast-hfb-above-header-display":"","ast-hfb-below-header-display":"","ast-hfb-mobile-header-display":"","site-post-title":"disabled","ast-breadcrumbs-content":"","ast-featured-img":"","footer-sml-layout":"","theme-transparent-header-meta":"enabled","adv-header-id-meta":"","stick-header-meta":"","header-above-stick-meta":"","header-main-stick-meta":"","header-below-stick-meta":"","footnotes":""},"uagb_featured_image_src":{"full":false,"thumbnail":false,"medium":false,"medium_large":false,"large":false,"1536x1536":false,"2048x2048":false},"uagb_author_info":{"display_name":"mezcalmilquinientos.com","author_link":"https:\/\/mezcalmilquinientos.com\/index.php\/author\/mezcalmilquinientos-com\/"},"uagb_comment_info":0,"uagb_excerpt":"CONT\u00c1CTANOS Distribuidora De Origen M\u00e9xicano Tel\u00e9fono: 22&nbsp;16 57 38 73 ventas@universalsellergi.com Santo Ni\u00f1o De Macuila # 3426, Col. San Antonio Cacalotepec,C.P. 72828, San Andr\u00e9s Cholula, Puebla, M\u00e9xico. Nos puedes ubicar en: Santo Ni\u00f1o De Macuila No. 3426, Col. San Antonio Cacalotepec, San Andr\u00e9s Cholula, Puebla, M\u00e9xico.","_links":{"self":[{"href":"https:\/\/mezcalmilquinientos.com\/index.php\/wp-json\/wp\/v2\/pages\/618"}],"collection":[{"href":"https:\/\/mezcalmilquinientos.com\/index.php\/wp-json\/wp\/v2\/pages"}],"about":[{"href":"https:\/\/mezcalmilquinientos.com\/index.php\/wp-json\/wp\/v2\/types\/page"}],"author":[{"embeddable":true,"href":"https:\/\/mezcalmilquinientos.com\/index.php\/wp-json\/wp\/v2\/users\/1"}],"replies":[{"embeddable":true,"href":"https:\/\/mezcalmilquinientos.com\/index.php\/wp-json\/wp\/v2\/comments?post=618"}],"version-history":[{"count":14,"href":"https:\/\/mezcalmilquinientos.com\/index.php\/wp-json\/wp\/v2\/pages\/618\/revisions"}],"predecessor-version":[{"id":775,"href":"https:\/\/mezcalmilquinientos.com\/index.php\/wp-json\/wp\/v2\/pages\/618\/revisions\/775"}],"wp:attachment":[{"href":"https:\/\/mezcalmilquinientos.com\/index.php\/wp-json\/wp\/v2\/media?parent=618"}],"curies":[{"name":"wp","href":"https:\/\/api.w.org\/{rel}","templated":true}]}}