{"id":616,"date":"2021-05-12T04:59:15","date_gmt":"2021-05-12T04:59:15","guid":{"rendered":"https:\/\/mezcalmilquinientos.com\/index.php\/about\/"},"modified":"2023-08-07T19:06:18","modified_gmt":"2023-08-08T01:06:18","slug":"about","status":"publish","type":"page","link":"https:\/\/mezcalmilquinientos.com\/index.php\/about\/","title":{"rendered":"NUESTRA BOTELLA"},"content":{"rendered":"\n<h3 class=\"wp-block-heading\" style=\"margin-top:0rem;margin-right:0rem;margin-bottom:0rem;margin-left:0rem;padding-top:4rem;padding-right:4rem;padding-bottom:4rem;padding-left:4rem;font-size:26px;font-style:italic;font-weight:100\">           NUESTRA BOTELLA<\/h3>\n\n\n\n<div class=\"wp-block-media-text is-stacked-on-mobile\" style=\"grid-template-columns:34% auto\"><figure class=\"wp-block-media-text__media\"><img loading=\"lazy\" decoding=\"async\" width=\"303\" height=\"823\" src=\"https:\/\/mezcalmilquinientos.com\/wp-content\/uploads\/2023\/06\/Botella_Mezcal_MilQuinientos-SF2.png\" alt=\"\" class=\"wp-image-697 size-full\" srcset=\"https:\/\/mezcalmilquinientos.com\/wp-content\/uploads\/2023\/06\/Botella_Mezcal_MilQuinientos-SF2.png 303w, https:\/\/mezcalmilquinientos.com\/wp-content\/uploads\/2023\/06\/Botella_Mezcal_MilQuinientos-SF2-110x300.png 110w, https:\/\/mezcalmilquinientos.com\/wp-content\/uploads\/2023\/06\/Botella_Mezcal_MilQuinientos-SF2-4x12.png 4w\" sizes=\"(max-width: 303px) 100vw, 303px\" \/><\/figure><div class=\"wp-block-media-text__content\">\n<p class=\"has-text-align-center has-ast-global-color-2-color has-text-color\">Nuestra botella de <strong>Mezcal Mil Quinientos<\/strong>, 1500, est\u00e1 dise\u00f1ada por artesanos locales, bas\u00e1ndose en una tradici\u00f3n centenaria de talavera. Pensada como un s\u00edmbolo que represente el orgullo y la tradici\u00f3n de nuestras artesan\u00edas, y portando orgullosa el s\u00edmbolo de su nombre enmarcado junto con el tap\u00f3n por una <strong>filigrana de oro de 24 kilates<\/strong> y cobijada por unas alas en ornamentaci\u00f3n de talavera.<\/p>\n\n\n\n<p class=\"has-text-align-center has-ast-global-color-2-color has-text-color\">En la botella tambi\u00e9n se muestra la casa comercial a trav\u00e9s de la cual se representa y difunde toda la gama de destilados originarios y t\u00edpicos, nativos de las tierras de M\u00e9xico buscando su difusi\u00f3n en todo el mundo: &#8220;<strong>CASA 5 DE MAYO<\/strong>&#8220;, orgullosa muestra el s\u00edmbolo de su nombre enmarcado en filigrana de 24 kilates en armon\u00eda con el tap\u00f3n que muestra una correspondencia entre el tap\u00f3n con la botella, en donde podemos encontrar la raz\u00f3n de ser del s\u00edmbolo que representa la marca, las 2 M&#8217;s de Mezcal y Mil que est\u00e1n contenidas dentro de la Q de Quinientos, y que est\u00e1n coronadas en oro, significando la realeza de la tradici\u00f3n del mezcal como su m\u00e1ximo exponente y exquisitez que lo caracteriza.<\/p>\n<\/div><\/div>\n\n\n\n<section class=\"wp-block-uagb-columns uagb-columns__wrap uagb-columns__background-none uagb-columns__stack-mobile uagb-columns__valign- uagb-columns__gap-10 align uagb-block-212e152d uagb-columns__columns-3 uagb-columns__max_width-theme\"><div class=\"uagb-columns__overlay\"><\/div><div class=\"uagb-columns__inner-wrap uagb-columns__columns-3\">\n<div class=\"wp-block-uagb-column uagb-column__wrap uagb-column__background-undefined uagb-block-93c628e6\"><div class=\"uagb-column__overlay\"><\/div><\/div>\n\n\n\n<div class=\"wp-block-uagb-column uagb-column__wrap uagb-column__background-undefined uagb-block-af760be4\"><div class=\"uagb-column__overlay\"><\/div>\n<figure class=\"wp-block-image aligncenter size-large is-resized\"><img loading=\"lazy\" decoding=\"async\" src=\"https:\/\/mezcalmilquinientos.com\/wp-content\/uploads\/2023\/06\/Cenefa-3-1024x252.png\" alt=\"\" class=\"wp-image-663\" width=\"444\" height=\"80\"\/><\/figure>\n<\/div>\n\n\n\n<div class=\"wp-block-uagb-column uagb-column__wrap uagb-column__background-undefined uagb-block-d03f8648\"><div class=\"uagb-column__overlay\"><\/div><\/div>\n<\/div><\/section>\n\n\n\n<h4 class=\"wp-block-heading has-text-align-left\" style=\"font-size:26px;font-style:italic;font-weight:100\">NUESTRA MARCA<\/h4>\n\n\n\n<div class=\"wp-block-media-text alignwide is-stacked-on-mobile\"><figure class=\"wp-block-media-text__media\"><img loading=\"lazy\" decoding=\"async\" width=\"533\" height=\"468\" src=\"https:\/\/mezcalmilquinientos.com\/wp-content\/uploads\/2023\/06\/03__LOGO_Y_NOMBRE_MEZCAL_MIL_QUINIENTOS_1500-SF.png\" alt=\"\" class=\"wp-image-714 size-full\" srcset=\"https:\/\/mezcalmilquinientos.com\/wp-content\/uploads\/2023\/06\/03__LOGO_Y_NOMBRE_MEZCAL_MIL_QUINIENTOS_1500-SF.png 533w, https:\/\/mezcalmilquinientos.com\/wp-content\/uploads\/2023\/06\/03__LOGO_Y_NOMBRE_MEZCAL_MIL_QUINIENTOS_1500-SF-300x263.png 300w, https:\/\/mezcalmilquinientos.com\/wp-content\/uploads\/2023\/06\/03__LOGO_Y_NOMBRE_MEZCAL_MIL_QUINIENTOS_1500-SF-14x12.png 14w\" sizes=\"(max-width: 533px) 100vw, 533px\" \/><\/figure><div class=\"wp-block-media-text__content\">\n<p class=\"has-text-align-center has-ast-global-color-2-color has-text-color\" style=\"font-size:26px;font-style:italic;font-weight:100;line-height:2\">Mezcal Mil Quinientos es un tributo al origen de una tradici\u00f3n que marca un parteaguas en la historia que dio pie a una cultura y que nos define e identifica ; que nos enorgullece, <strong>MMQ, Nuestro mezcal <\/strong>integra rasgos de 2 culturas, una en la que se produce y otra en la que se embotella y referencia por la fecha del a\u00f1o en la que inicia la historia por la fundaci\u00f3n de la <strong>Ciudad de Puebla<\/strong> 1500, a\u00f1o en el que la corona da paso a la fundacion de una emblem\u00e1tica ciudad en la <strong>Nueva Espa\u00f1a<\/strong>, 1500 a\u00f1o de tradiciones en el que los \u00e1ngeles trazan la <strong>Cuidad de Puebla<\/strong>, 1500 que simboliza renacimiento de civilizaciones al recordar nuestras ra\u00edces, artesan\u00edas, arquitectura y costumbres.<\/p>\n<\/div><\/div>\n\n\n\n<section class=\"wp-block-uagb-columns uagb-columns__wrap uagb-columns__background-none uagb-columns__stack-mobile uagb-columns__valign- uagb-columns__gap-10 align uagb-block-65d21be9 uagb-columns__columns-1 uagb-columns__max_width-theme\"><div class=\"uagb-columns__overlay\"><\/div><div class=\"uagb-columns__inner-wrap uagb-columns__columns-1\">\n<div class=\"wp-block-uagb-column uagb-column__wrap uagb-column__background-undefined uagb-block-399e9302\"><div class=\"uagb-column__overlay\"><\/div>\n<figure class=\"wp-block-image size-large\"><img loading=\"lazy\" decoding=\"async\" width=\"1024\" height=\"61\" src=\"https:\/\/mezcalmilquinientos.com\/wp-content\/uploads\/2023\/06\/Cenefa-1-1024x61.png\" alt=\"\" class=\"wp-image-652\" srcset=\"https:\/\/mezcalmilquinientos.com\/wp-content\/uploads\/2023\/06\/Cenefa-1-1024x61.png 1024w, https:\/\/mezcalmilquinientos.com\/wp-content\/uploads\/2023\/06\/Cenefa-1-300x18.png 300w, https:\/\/mezcalmilquinientos.com\/wp-content\/uploads\/2023\/06\/Cenefa-1-768x46.png 768w, https:\/\/mezcalmilquinientos.com\/wp-content\/uploads\/2023\/06\/Cenefa-1-1536x92.png 1536w, https:\/\/mezcalmilquinientos.com\/wp-content\/uploads\/2023\/06\/Cenefa-1-2048x122.png 2048w, https:\/\/mezcalmilquinientos.com\/wp-content\/uploads\/2023\/06\/Cenefa-1-18x1.png 18w\" sizes=\"(max-width: 1024px) 100vw, 1024px\" \/><\/figure>\n<\/div>\n<\/div><\/section>\n\n\n\n<h3 class=\"wp-block-heading\" style=\"font-size:26px;font-style:italic;font-weight:100\">NUESTRA CAJA<\/h3>\n\n\n\n<div class=\"wp-block-media-text alignwide is-stacked-on-mobile\"><figure class=\"wp-block-media-text__media\"><img loading=\"lazy\" decoding=\"async\" width=\"1024\" height=\"775\" src=\"https:\/\/mezcalmilquinientos.com\/wp-content\/uploads\/2023\/06\/Caja-MilQuinientos-1024x775.png\" alt=\"\" class=\"wp-image-772 size-full\" srcset=\"https:\/\/mezcalmilquinientos.com\/wp-content\/uploads\/2023\/06\/Caja-MilQuinientos-1024x775.png 1024w, https:\/\/mezcalmilquinientos.com\/wp-content\/uploads\/2023\/06\/Caja-MilQuinientos-300x227.png 300w, https:\/\/mezcalmilquinientos.com\/wp-content\/uploads\/2023\/06\/Caja-MilQuinientos-768x581.png 768w, https:\/\/mezcalmilquinientos.com\/wp-content\/uploads\/2023\/06\/Caja-MilQuinientos-16x12.png 16w, https:\/\/mezcalmilquinientos.com\/wp-content\/uploads\/2023\/06\/Caja-MilQuinientos.png 1250w\" sizes=\"(max-width: 1024px) 100vw, 1024px\" \/><\/figure><div class=\"wp-block-media-text__content\">\n<p class=\"has-text-align-center has-ast-global-color-2-color has-text-color\" style=\"font-size:26px;font-style:italic;font-weight:100;line-height:2\">La caja \u201c\u00danica\u201d como la botella que porta, protege y lleva al mundo la botella de Mezcal Mil Quinientos, bellamente adornada con motivos de Talavera nos presenta por adelantado lo que contiene, as\u00ed como su identidad y que es parte de nuestras ra\u00edces, el Popocat\u00e9petl y el Iztacc\u00edhuatl, siendo estos dos colosos los guardianes que nos saludaban todos los d\u00edas haci\u00e9ndonos saber nuestro origen y pertenencia; queriendo seguir presentes con sus fumarolas dici\u00e9ndonos contin\u00faa adelante, tu ra\u00edz y mi ra\u00edz solo una es M\u00e9xico!<\/p>\n<\/div><\/div>\n\n\n\n<section class=\"wp-block-uagb-columns uagb-columns__wrap uagb-columns__background-none uagb-columns__stack-mobile uagb-columns__valign- uagb-columns__gap-10 align uagb-block-c22c5ad9 uagb-columns__columns-3 uagb-columns__max_width-theme\"><div class=\"uagb-columns__overlay\"><\/div><div class=\"uagb-columns__inner-wrap uagb-columns__columns-3\">\n<div class=\"wp-block-uagb-column uagb-column__wrap uagb-column__background-undefined uagb-block-38a8a388\"><div class=\"uagb-column__overlay\"><\/div><\/div>\n\n\n\n<div class=\"wp-block-uagb-column uagb-column__wrap uagb-column__background-undefined uagb-block-a725cac2\"><div class=\"uagb-column__overlay\"><\/div>\n<figure class=\"wp-block-image size-large is-resized\"><img loading=\"lazy\" decoding=\"async\" src=\"https:\/\/mezcalmilquinientos.com\/wp-content\/uploads\/2023\/06\/Cenefa-2-1024x252.png\" alt=\"\" class=\"wp-image-657\" width=\"496\" height=\"122\" srcset=\"https:\/\/mezcalmilquinientos.com\/wp-content\/uploads\/2023\/06\/Cenefa-2-1024x252.png 1024w, https:\/\/mezcalmilquinientos.com\/wp-content\/uploads\/2023\/06\/Cenefa-2-300x74.png 300w, https:\/\/mezcalmilquinientos.com\/wp-content\/uploads\/2023\/06\/Cenefa-2-768x189.png 768w, https:\/\/mezcalmilquinientos.com\/wp-content\/uploads\/2023\/06\/Cenefa-2-1536x377.png 1536w, https:\/\/mezcalmilquinientos.com\/wp-content\/uploads\/2023\/06\/Cenefa-2-2048x503.png 2048w, https:\/\/mezcalmilquinientos.com\/wp-content\/uploads\/2023\/06\/Cenefa-2-18x4.png 18w\" sizes=\"(max-width: 496px) 100vw, 496px\" \/><\/figure>\n<\/div>\n\n\n\n<div class=\"wp-block-uagb-column uagb-column__wrap uagb-column__background-undefined uagb-block-1cbb00f3\"><div class=\"uagb-column__overlay\"><\/div><\/div>\n<\/div><\/section>\n","protected":false},"excerpt":{"rendered":"<p>NUESTRA BOTELLA Nuestra botella de Mezcal Mil Quinientos, 1500, est\u00e1 dise\u00f1ada por artesanos locales, bas\u00e1ndose en una tradici\u00f3n centenaria de talavera. Pensada como un s\u00edmbolo que represente el orgullo y la tradici\u00f3n de nuestras artesan\u00edas, y portando orgullosa el s\u00edmbolo de su nombre enmarcado junto con el tap\u00f3n por una filigrana de oro de 24 &hellip;<\/p>\n<p class=\"read-more\"> <a class=\"\" href=\"https:\/\/mezcalmilquinientos.com\/index.php\/about\/\"> <span class=\"screen-reader-text\">NUESTRA BOTELLA<\/span> Leer m\u00e1s &raquo;<\/a><\/p>\n","protected":false},"author":1,"featured_media":0,"parent":0,"menu_order":0,"comment_status":"closed","ping_status":"closed","template":"","meta":{"_uag_custom_page_level_css":"","site-sidebar-layout":"no-sidebar","site-content-layout":"plain-container","ast-global-header-display":"","ast-banner-title-visibility":"","ast-main-header-display":"","ast-hfb-above-header-display":"","ast-hfb-below-header-display":"","ast-hfb-mobile-header-display":"","site-post-title":"disabled","ast-breadcrumbs-content":"","ast-featured-img":"","footer-sml-layout":"","theme-transparent-header-meta":"enabled","adv-header-id-meta":"","stick-header-meta":"","header-above-stick-meta":"","header-main-stick-meta":"","header-below-stick-meta":"","footnotes":""},"uagb_featured_image_src":{"full":false,"thumbnail":false,"medium":false,"medium_large":false,"large":false,"1536x1536":false,"2048x2048":false},"uagb_author_info":{"display_name":"mezcalmilquinientos.com","author_link":"https:\/\/mezcalmilquinientos.com\/index.php\/author\/mezcalmilquinientos-com\/"},"uagb_comment_info":0,"uagb_excerpt":"NUESTRA BOTELLA Nuestra botella de Mezcal Mil Quinientos, 1500, est\u00e1 dise\u00f1ada por artesanos locales, bas\u00e1ndose en una tradici\u00f3n centenaria de talavera. Pensada como un s\u00edmbolo que represente el orgullo y la tradici\u00f3n de nuestras artesan\u00edas, y portando orgullosa el s\u00edmbolo de su nombre enmarcado junto con el tap\u00f3n por una filigrana de oro de 24&hellip;","_links":{"self":[{"href":"https:\/\/mezcalmilquinientos.com\/index.php\/wp-json\/wp\/v2\/pages\/616"}],"collection":[{"href":"https:\/\/mezcalmilquinientos.com\/index.php\/wp-json\/wp\/v2\/pages"}],"about":[{"href":"https:\/\/mezcalmilquinientos.com\/index.php\/wp-json\/wp\/v2\/types\/page"}],"author":[{"embeddable":true,"href":"https:\/\/mezcalmilquinientos.com\/index.php\/wp-json\/wp\/v2\/users\/1"}],"replies":[{"embeddable":true,"href":"https:\/\/mezcalmilquinientos.com\/index.php\/wp-json\/wp\/v2\/comments?post=616"}],"version-history":[{"count":24,"href":"https:\/\/mezcalmilquinientos.com\/index.php\/wp-json\/wp\/v2\/pages\/616\/revisions"}],"predecessor-version":[{"id":783,"href":"https:\/\/mezcalmilquinientos.com\/index.php\/wp-json\/wp\/v2\/pages\/616\/revisions\/783"}],"wp:attachment":[{"href":"https:\/\/mezcalmilquinientos.com\/index.php\/wp-json\/wp\/v2\/media?parent=616"}],"curies":[{"name":"wp","href":"https:\/\/api.w.org\/{rel}","templated":true}]}}